{"id":1303,"date":"2021-01-11T19:55:48","date_gmt":"2021-01-11T19:55:48","guid":{"rendered":"https:\/\/cadas.ch\/?page_id=1303"},"modified":"2022-01-29T15:41:18","modified_gmt":"2022-01-29T15:41:18","slug":"activsens","status":"publish","type":"page","link":"https:\/\/cadas.ch\/?page_id=1303","title":{"rendered":""},"content":{"rendered":"\n<h2 class=\"wp-block-heading\" id=\"monitoring\">Monitoring<\/h2>\n\n\n\n<p>Unsere Monitoring Angebote bieten wir unter dem Produkt PasivSens an. PasivSens ist unsere Antwort auf Dein Bed\u00fcrfnis, eigenst\u00e4ndig und unabh\u00e4ngig zu bleiben. Es erlaubt Dir schnell und unkompliziert Hilfe anzufordern. Durch das Ausl\u00f6sen von verschiedenen Sensoren, wie zum Beispiel einem einfachen Dr\u00fccken auf einen Taster, kannst Du zuvor definierte Personen aus deiner Familie, dem Bekanntenkreis oder auch Deine Pflegebetreuung benachrichtigen. Diese bekommen die Benachrichtigungen direkt auf ihr Smartphone und k\u00f6nnen Dich so in Deinem Bed\u00fcrfnis unterst\u00fctzen.<\/p>\n\n\n\n<p>Zus\u00e4tzlich werden Sensoren zum Erkennen von Feuer, Rauchbildung, Kohlenmonoxyd oder Wasseraustritt eingesetzt.<\/p>\n\n\n\n<p>PasivSens besteht aus verschiedenen Komponenten von <a href=\"https:\/\/ajax.systems\">Ajax Systems<\/a>: einer <strong>Zentrale<\/strong> zum sammeln und weiterleiten von Ereignissen der einzelnen <strong>Sensoren<\/strong> und einer <strong>Smartphone-App<\/strong>.<\/p>\n\n\n\n<div class=\"wp-block-columns is-layout-flex wp-container-core-columns-is-layout-9d6595d7 wp-block-columns-is-layout-flex\">\n<div class=\"wp-block-column is-layout-flow wp-block-column-is-layout-flow\" style=\"flex-basis:50%\">\n<p class=\"has-text-align-right\">Die <strong>Zentrale<\/strong> gleicht dem Herz des ganzen Systems. Die Zentrale sammelt die Ereignisse, die durch die einzelnen Sensoren gemeldet werden und leitet diese weiter, so dass zum Beispiel die Benachrichtigung in die Smartphone-App erfolgen kann. Die Zentrale muss daf\u00fcr an den Strom und mit dem Internet (LAN, W-LAN oder GSM) verbunden werden.<\/p>\n\n\n\n<p class=\"has-text-align-right\">Die einzelnen <strong>Sensoren<\/strong> melden der Zentrale das Eintreten eines Ereignisses (z.B. Knopf gedr\u00fcckt oder Rauchbildung erkannt). Dabei k\u00f6nnen die Sensoren bis zu hundert Meter von der Zentrale entfernt sein. Das funktioniert also auch problemlos im Garten. Die Sensoren laufen mit Batterie und m\u00fcssen nicht an den Strom angeschlossen werden. Die Sensoren brauchen auch keinen Internetanschluss.<\/p>\n\n\n\n<p class=\"has-text-align-right\">\u00dcber die <strong>Smartphone-App<\/strong> bekommen die von Dir definierten Personen den ausgel\u00f6sten Alarm angezeigt und k\u00f6nnen so darauf reagieren. Zudem k\u00f6nnen ausgew\u00e4hlte Personen \u00fcber die App Einstellungen am System vornehmen und den Status der einzelnen Sensoren (z.B. Batteriezustand) einsehen.<\/p>\n<\/div>\n\n\n\n<div class=\"wp-block-column is-layout-flow wp-block-column-is-layout-flow\" style=\"flex-basis:50%\">\n<figure class=\"wp-block-image alignfull size-full\"><img loading=\"lazy\" decoding=\"async\" width=\"1000\" height=\"1000\" src=\"https:\/\/cadas.ch\/wp-content\/uploads\/2021\/02\/PasivSens_Modell.png\" alt=\"\" class=\"wp-image-1441\" srcset=\"https:\/\/cadas.ch\/wp-content\/uploads\/2021\/02\/PasivSens_Modell.png 1000w, https:\/\/cadas.ch\/wp-content\/uploads\/2021\/02\/PasivSens_Modell-300x300.png 300w, https:\/\/cadas.ch\/wp-content\/uploads\/2021\/02\/PasivSens_Modell-150x150.png 150w, https:\/\/cadas.ch\/wp-content\/uploads\/2021\/02\/PasivSens_Modell-768x768.png 768w\" sizes=\"auto, (max-width: 1000px) 100vw, 1000px\" \/><\/figure>\n<\/div>\n<\/div>\n\n\n\n<div style=\"height:40px\" aria-hidden=\"true\" class=\"wp-block-spacer\"><\/div>\n\n\n\n<p class=\"has-text-align-center has-large-font-size\"><a href=\"https:\/\/cadas.ch\/?page_id=1445\" data-type=\"page\" data-id=\"1445\">M\u00f6chtest Du mehr wissen?<\/a><\/p>\n\n\n\n<div style=\"height:40px\" aria-hidden=\"true\" class=\"wp-block-spacer\"><\/div>\n\n\n\n<h1 class=\"wp-block-heading\" id=\"vorteile-von-pasivsens\">Vorteile von PasivSens<\/h1>\n\n\n\n<p>PasivSens bringt viele Vorteile mit sich. Hier eine \u00dcbersicht der wichtigsten Vorteile.<\/p>\n\n\n<p><!-- \/wp:post-content --><\/p>\n<p><!-- \/wp:themeisle-blocks\/advanced-columns --><\/p>\n<p><!-- wp:columns --><\/p>\n<div class=\"wp-block-columns\"><!-- wp:column {\"verticalAlignment\":\"center\",\"width\":\"33.33%\"} -->\n<p>\u00a0<\/p>\n<div class=\"wp-block-column is-vertically-aligned-center\" style=\"flex-basis: 33.33%;\"><!-- wp:image {\"align\":\"right\",\"id\":1333,\"sizeSlug\":\"large\",\"linkDestination\":\"none\"} -->\n<p>\u00a0<\/p>\n<div class=\"wp-block-image\">\n<figure class=\"alignright size-large\"><img loading=\"lazy\" decoding=\"async\" width=\"120\" height=\"121\" class=\"wp-image-1333\" src=\"https:\/\/cadas.ch\/wp-content\/uploads\/2021\/01\/Flexibel@0.75x.png\" alt=\"\" \/><\/figure>\n<\/div>\n<p><!-- \/wp:image --><\/p>\n<\/div>\n<p><!-- \/wp:column --><\/p>\n<p><!-- wp:column {\"verticalAlignment\":\"center\",\"width\":\"66.66%\"} --><\/p>\n<div class=\"wp-block-column is-vertically-aligned-center\" style=\"flex-basis: 66.66%;\"><!-- wp:heading {\"level\":3} -->\n<p>\u00a0<\/p>\n<h3>Flexibel<\/h3>\n<p><!-- \/wp:heading --><\/p>\n<p><!-- wp:paragraph --><\/p>\n<p>PasivSens ist durch den modularen Aufbau sehr flexibel. Es k\u00f6nnen zu jeder Zeit neue Sensoren im System aufgenommen oder wieder entfernt werden. So ist zum Beispiel eine schrittweise Erweiterung bei sich \u00e4ndernden Anforderungen ganz einfach m\u00f6glich.<\/p>\n<p><!-- \/wp:paragraph --><\/p>\n<\/div>\n<p><!-- \/wp:column --><\/p>\n<\/div>\n<p><!-- \/wp:columns --><\/p>\n<p><!-- wp:columns --><\/p>\n<div class=\"wp-block-columns\"><!-- wp:column {\"verticalAlignment\":\"center\",\"width\":\"33.33%\"} -->\n<p>\u00a0<\/p>\n<div class=\"wp-block-column is-vertically-aligned-center\" style=\"flex-basis: 33.33%;\"><!-- wp:image {\"align\":\"right\",\"id\":1340,\"sizeSlug\":\"large\",\"linkDestination\":\"none\"} -->\n<p>\u00a0<\/p>\n<div class=\"wp-block-image\">\n<figure class=\"alignright size-large\"><img loading=\"lazy\" decoding=\"async\" width=\"120\" height=\"121\" class=\"wp-image-1340\" src=\"https:\/\/cadas.ch\/wp-content\/uploads\/2021\/01\/Individuell@0.75x.png\" alt=\"\" \/><\/figure>\n<\/div>\n<p><!-- \/wp:image --><\/p>\n<\/div>\n<p><!-- \/wp:column --><\/p>\n<p><!-- wp:column {\"verticalAlignment\":\"center\",\"width\":\"66.66%\"} --><\/p>\n<div class=\"wp-block-column is-vertically-aligned-center\" style=\"flex-basis: 66.66%;\"><!-- wp:heading {\"level\":3} -->\n<p>\u00a0<\/p>\n<h3 id=\"block-5045d3b3-b365-48c9-96f9-baf116d96d37\">Individuell<\/h3>\n<p><!-- \/wp:heading --><\/p>\n<p><!-- wp:paragraph --><\/p>\n<p>Du brauchst einen extra Panik-Button oder Rauchmelder? Kein Problem. PasivSens kann ganz nach Deinen individuellen Bed\u00fcrfnissen gestaltet werden. Gemeinsam k\u00f6nnen wir gerne Dein individuelles Packet f\u00fcr Deine Lebensumgebung zusammen stellen.<\/p>\n<p><!-- \/wp:paragraph --><\/p>\n<\/div>\n<p><!-- \/wp:column --><\/p>\n<\/div>\n<p><!-- \/wp:columns --><\/p>\n<p><!-- wp:columns --><\/p>\n<div class=\"wp-block-columns\"><!-- wp:column {\"verticalAlignment\":\"center\",\"width\":\"33.33%\"} -->\n<p>\u00a0<\/p>\n<div class=\"wp-block-column is-vertically-aligned-center\" style=\"flex-basis: 33.33%;\"><!-- wp:image {\"align\":\"right\",\"id\":1342,\"sizeSlug\":\"large\",\"linkDestination\":\"none\"} -->\n<p>\u00a0<\/p>\n<div class=\"wp-block-image\">\n<figure class=\"alignright size-large\"><img loading=\"lazy\" decoding=\"async\" width=\"120\" height=\"121\" class=\"wp-image-1342\" src=\"https:\/\/cadas.ch\/wp-content\/uploads\/2021\/01\/Einfache-Installation@0.75x.png\" alt=\"\" \/><\/figure>\n<\/div>\n<p><!-- \/wp:image --><\/p>\n<\/div>\n<p><!-- \/wp:column --><\/p>\n<p><!-- wp:column {\"verticalAlignment\":\"center\",\"width\":\"66.66%\"} --><\/p>\n<div class=\"wp-block-column is-vertically-aligned-center\" style=\"flex-basis: 66.66%;\"><!-- wp:heading {\"level\":3} -->\n<p>\u00a0<\/p>\n<h3>Einfache Installation<\/h3>\n<p><!-- \/wp:heading --><\/p>\n<p><!-- wp:paragraph --><\/p>\n<p>Die Installation von PasivSens ist einfach und wird vorkonfiguriert geliefert. Einfach die Zentrale an den Strom und Internet anschliessen. Die batteriebetriebenen Sensoren anbringen und schon bist Du bereit die Smartphone-App zu nutzen. Falls Du doch Hilfe beim Einrichten brauchst, stehen wir gerne unterst\u00fctzend zur Seite und \u00fcbernehmen die Installation und Inbetriebnahme f\u00fcr Dich.<\/p>\n<p><!-- \/wp:paragraph --><\/p>\n<\/div>\n<p><!-- \/wp:column --><\/p>\n<\/div>\n<p><!-- \/wp:columns --><\/p>\n<p><!-- wp:columns --><\/p>\n<div class=\"wp-block-columns\"><!-- wp:column {\"verticalAlignment\":\"center\",\"width\":\"33.33%\"} -->\n<p>\u00a0<\/p>\n<div class=\"wp-block-column is-vertically-aligned-center\" style=\"flex-basis: 33.33%;\">\n<p><img loading=\"lazy\" decoding=\"async\" class=\"size-full wp-image-1426 alignright\" src=\"https:\/\/cadas.ch\/wp-content\/uploads\/2021\/01\/Umzugstauglich@0.75x-1.png\" alt=\"\" width=\"120\" height=\"121\" \/><\/p>\n<p>\u00a0<\/p>\n<p><!-- \/wp:image --><\/p>\n<\/div>\n<p><!-- \/wp:column --><\/p>\n<p><!-- wp:column {\"verticalAlignment\":\"center\",\"width\":\"66.66%\"} --><\/p>\n<div class=\"wp-block-column is-vertically-aligned-center\" style=\"flex-basis: 66.66%;\"><!-- wp:heading {\"level\":3} -->\n<p>\u00a0<\/p>\n<h3>Umzugstauglich<\/h3>\n<p><!-- \/wp:heading --><\/p>\n<p><!-- wp:paragraph --><\/p>\n<p>Die einfache Installation erlaubt es, das System bei einem Umzug einfach wieder mitzunehmen. Da die Sensoren keine Verkabelung brauchen ist der Aufwand zu herk\u00f6mmlichen Alarmsystemen sehr gering. Dem Umzug steht also nichts im Weg. (Ausser vielleicht das Finden Deiner neuen Wohnung und das Schleppen von Kisten und M\u00f6beln\u2026)<\/p>\n<p><!-- \/wp:paragraph --><\/p>\n<\/div>\n<p><!-- \/wp:column --><\/p>\n<\/div>\n<p><!-- \/wp:columns --><\/p>\n<p><!-- wp:columns --><\/p>\n<div class=\"wp-block-columns\"><!-- wp:column {\"width\":\"33.33%\"} -->\n<p>\u00a0<\/p>\n<div class=\"wp-block-column\" style=\"flex-basis: 33.33%;\"><!-- wp:image {\"align\":\"right\",\"id\":1347,\"sizeSlug\":\"large\",\"linkDestination\":\"none\"} -->\n<p>\u00a0<\/p>\n<div class=\"wp-block-image\">\n<figure class=\"alignright size-large\"><img loading=\"lazy\" decoding=\"async\" width=\"120\" height=\"121\" class=\"wp-image-1347\" src=\"https:\/\/cadas.ch\/wp-content\/uploads\/2021\/01\/Guenstig@0.75x.png\" alt=\"\" \/><\/figure>\n<\/div>\n<p><!-- \/wp:image --><\/p>\n<\/div>\n<p><!-- \/wp:column --><\/p>\n<p><!-- wp:column {\"verticalAlignment\":\"center\",\"width\":\"66.66%\"} --><\/p>\n<div class=\"wp-block-column is-vertically-aligned-center\" style=\"flex-basis: 66.66%;\"><!-- wp:heading {\"level\":3} -->\n<p>\u00a0<\/p>\n<h3>G\u00fcnstig<\/h3>\n<p><!-- \/wp:heading --><\/p>\n<p><!-- wp:paragraph --><\/p>\n<p>Obendrauf ist PasivSens im Vergleich zu alternativen Alarm- und Meldeanlagen einfach sehr g\u00fcnstig. Mit wenig Geld kann eine grosse Wirkung erzielt werden.<\/p>\n<p><!-- \/wp:paragraph --><\/p>\n<\/div>\n<p><!-- \/wp:column --><\/p>\n<\/div>\n<p><!-- \/wp:columns --><\/p>","protected":false},"excerpt":{"rendered":"<p>Monitoring Unsere Monitoring Angebote bieten wir unter dem Produkt PasivSens an. PasivSens ist unsere Antwort auf Dein Bed\u00fcrfnis, eigenst\u00e4ndig und unabh\u00e4ngig zu bleiben. Es erlaubt Dir schnell und unkompliziert Hilfe anzufordern. Durch das Ausl\u00f6sen von verschiedenen Sensoren, wie zum Beispiel einem einfachen Dr\u00fccken auf einen Taster, kannst Du zuvor definierte&#8230;<\/p>\n","protected":false},"author":2,"featured_media":0,"parent":0,"menu_order":0,"comment_status":"closed","ping_status":"closed","template":"templates\/full-width-page.php","meta":{"footnotes":""},"class_list":["post-1303","page","type-page","status-publish","hentry"],"yoast_head":"<!-- This site is optimized with the Yoast SEO plugin v27.3 - https:\/\/yoast.com\/product\/yoast-seo-wordpress\/ -->\n<title>- CADAS<\/title>\n<meta name=\"robots\" content=\"index, follow, max-snippet:-1, max-image-preview:large, max-video-preview:-1\" \/>\n<link rel=\"canonical\" href=\"https:\/\/cadas.ch\/?page_id=1303\" \/>\n<meta property=\"og:locale\" content=\"de_DE\" \/>\n<meta property=\"og:type\" content=\"article\" \/>\n<meta property=\"og:title\" content=\"- CADAS\" \/>\n<meta property=\"og:description\" content=\"Monitoring Unsere Monitoring Angebote bieten wir unter dem Produkt PasivSens an. PasivSens ist unsere Antwort auf Dein Bed\u00fcrfnis, eigenst\u00e4ndig und unabh\u00e4ngig zu bleiben. Es erlaubt Dir schnell und unkompliziert Hilfe anzufordern. Durch das Ausl\u00f6sen von verschiedenen Sensoren, wie zum Beispiel einem einfachen Dr\u00fccken auf einen Taster, kannst Du zuvor definierte...\" \/>\n<meta property=\"og:url\" content=\"https:\/\/cadas.ch\/?page_id=1303\" \/>\n<meta property=\"og:site_name\" content=\"CADAS\" \/>\n<meta property=\"article:modified_time\" content=\"2022-01-29T15:41:18+00:00\" \/>\n<meta property=\"og:image\" content=\"https:\/\/cadas.ch\/wp-content\/uploads\/2021\/02\/PasivSens_Modell.png\" \/>\n<meta name=\"twitter:card\" content=\"summary_large_image\" \/>\n<meta name=\"twitter:label1\" content=\"Gesch\u00e4tzte Lesezeit\" \/>\n\t<meta name=\"twitter:data1\" content=\"4\u00a0Minuten\" \/>\n<script type=\"application\/ld+json\" class=\"yoast-schema-graph\">{\"@context\":\"https:\\\/\\\/schema.org\",\"@graph\":[{\"@type\":\"WebPage\",\"@id\":\"https:\\\/\\\/cadas.ch\\\/?page_id=1303\",\"url\":\"https:\\\/\\\/cadas.ch\\\/?page_id=1303\",\"name\":\"- CADAS\",\"isPartOf\":{\"@id\":\"https:\\\/\\\/cadas.ch\\\/#website\"},\"primaryImageOfPage\":{\"@id\":\"https:\\\/\\\/cadas.ch\\\/?page_id=1303#primaryimage\"},\"image\":{\"@id\":\"https:\\\/\\\/cadas.ch\\\/?page_id=1303#primaryimage\"},\"thumbnailUrl\":\"https:\\\/\\\/cadas.ch\\\/wp-content\\\/uploads\\\/2021\\\/02\\\/PasivSens_Modell.png\",\"datePublished\":\"2021-01-11T19:55:48+00:00\",\"dateModified\":\"2022-01-29T15:41:18+00:00\",\"inLanguage\":\"de-CH\",\"potentialAction\":[{\"@type\":\"ReadAction\",\"target\":[\"https:\\\/\\\/cadas.ch\\\/?page_id=1303\"]}]},{\"@type\":\"ImageObject\",\"inLanguage\":\"de-CH\",\"@id\":\"https:\\\/\\\/cadas.ch\\\/?page_id=1303#primaryimage\",\"url\":\"https:\\\/\\\/cadas.ch\\\/wp-content\\\/uploads\\\/2021\\\/02\\\/PasivSens_Modell.png\",\"contentUrl\":\"https:\\\/\\\/cadas.ch\\\/wp-content\\\/uploads\\\/2021\\\/02\\\/PasivSens_Modell.png\",\"width\":1000,\"height\":1000},{\"@type\":\"WebSite\",\"@id\":\"https:\\\/\\\/cadas.ch\\\/#website\",\"url\":\"https:\\\/\\\/cadas.ch\\\/\",\"name\":\"CADAS\",\"description\":\"\",\"publisher\":{\"@id\":\"https:\\\/\\\/cadas.ch\\\/#organization\"},\"potentialAction\":[{\"@type\":\"SearchAction\",\"target\":{\"@type\":\"EntryPoint\",\"urlTemplate\":\"https:\\\/\\\/cadas.ch\\\/?s={search_term_string}\"},\"query-input\":{\"@type\":\"PropertyValueSpecification\",\"valueRequired\":true,\"valueName\":\"search_term_string\"}}],\"inLanguage\":\"de-CH\"},{\"@type\":\"Organization\",\"@id\":\"https:\\\/\\\/cadas.ch\\\/#organization\",\"name\":\"CADAS GmbH\",\"url\":\"https:\\\/\\\/cadas.ch\\\/\",\"logo\":{\"@type\":\"ImageObject\",\"inLanguage\":\"de-CH\",\"@id\":\"https:\\\/\\\/cadas.ch\\\/#\\\/schema\\\/logo\\\/image\\\/\",\"url\":\"https:\\\/\\\/cadas.ch\\\/wp-content\\\/uploads\\\/2021\\\/04\\\/Logo-mit-Untertitel.jpg\",\"contentUrl\":\"https:\\\/\\\/cadas.ch\\\/wp-content\\\/uploads\\\/2021\\\/04\\\/Logo-mit-Untertitel.jpg\",\"width\":575,\"height\":177,\"caption\":\"CADAS GmbH\"},\"image\":{\"@id\":\"https:\\\/\\\/cadas.ch\\\/#\\\/schema\\\/logo\\\/image\\\/\"}}]}<\/script>\n<!-- \/ Yoast SEO plugin. -->","yoast_head_json":{"title":"- CADAS","robots":{"index":"index","follow":"follow","max-snippet":"max-snippet:-1","max-image-preview":"max-image-preview:large","max-video-preview":"max-video-preview:-1"},"canonical":"https:\/\/cadas.ch\/?page_id=1303","og_locale":"de_DE","og_type":"article","og_title":"- CADAS","og_description":"Monitoring Unsere Monitoring Angebote bieten wir unter dem Produkt PasivSens an. PasivSens ist unsere Antwort auf Dein Bed\u00fcrfnis, eigenst\u00e4ndig und unabh\u00e4ngig zu bleiben. Es erlaubt Dir schnell und unkompliziert Hilfe anzufordern. Durch das Ausl\u00f6sen von verschiedenen Sensoren, wie zum Beispiel einem einfachen Dr\u00fccken auf einen Taster, kannst Du zuvor definierte...","og_url":"https:\/\/cadas.ch\/?page_id=1303","og_site_name":"CADAS","article_modified_time":"2022-01-29T15:41:18+00:00","og_image":[{"url":"https:\/\/cadas.ch\/wp-content\/uploads\/2021\/02\/PasivSens_Modell.png","type":"","width":"","height":""}],"twitter_card":"summary_large_image","twitter_misc":{"Gesch\u00e4tzte Lesezeit":"4\u00a0Minuten"},"schema":{"@context":"https:\/\/schema.org","@graph":[{"@type":"WebPage","@id":"https:\/\/cadas.ch\/?page_id=1303","url":"https:\/\/cadas.ch\/?page_id=1303","name":"- CADAS","isPartOf":{"@id":"https:\/\/cadas.ch\/#website"},"primaryImageOfPage":{"@id":"https:\/\/cadas.ch\/?page_id=1303#primaryimage"},"image":{"@id":"https:\/\/cadas.ch\/?page_id=1303#primaryimage"},"thumbnailUrl":"https:\/\/cadas.ch\/wp-content\/uploads\/2021\/02\/PasivSens_Modell.png","datePublished":"2021-01-11T19:55:48+00:00","dateModified":"2022-01-29T15:41:18+00:00","inLanguage":"de-CH","potentialAction":[{"@type":"ReadAction","target":["https:\/\/cadas.ch\/?page_id=1303"]}]},{"@type":"ImageObject","inLanguage":"de-CH","@id":"https:\/\/cadas.ch\/?page_id=1303#primaryimage","url":"https:\/\/cadas.ch\/wp-content\/uploads\/2021\/02\/PasivSens_Modell.png","contentUrl":"https:\/\/cadas.ch\/wp-content\/uploads\/2021\/02\/PasivSens_Modell.png","width":1000,"height":1000},{"@type":"WebSite","@id":"https:\/\/cadas.ch\/#website","url":"https:\/\/cadas.ch\/","name":"CADAS","description":"","publisher":{"@id":"https:\/\/cadas.ch\/#organization"},"potentialAction":[{"@type":"SearchAction","target":{"@type":"EntryPoint","urlTemplate":"https:\/\/cadas.ch\/?s={search_term_string}"},"query-input":{"@type":"PropertyValueSpecification","valueRequired":true,"valueName":"search_term_string"}}],"inLanguage":"de-CH"},{"@type":"Organization","@id":"https:\/\/cadas.ch\/#organization","name":"CADAS GmbH","url":"https:\/\/cadas.ch\/","logo":{"@type":"ImageObject","inLanguage":"de-CH","@id":"https:\/\/cadas.ch\/#\/schema\/logo\/image\/","url":"https:\/\/cadas.ch\/wp-content\/uploads\/2021\/04\/Logo-mit-Untertitel.jpg","contentUrl":"https:\/\/cadas.ch\/wp-content\/uploads\/2021\/04\/Logo-mit-Untertitel.jpg","width":575,"height":177,"caption":"CADAS GmbH"},"image":{"@id":"https:\/\/cadas.ch\/#\/schema\/logo\/image\/"}}]}},"_links":{"self":[{"href":"https:\/\/cadas.ch\/index.php?rest_route=\/wp\/v2\/pages\/1303","targetHints":{"allow":["GET"]}}],"collection":[{"href":"https:\/\/cadas.ch\/index.php?rest_route=\/wp\/v2\/pages"}],"about":[{"href":"https:\/\/cadas.ch\/index.php?rest_route=\/wp\/v2\/types\/page"}],"author":[{"embeddable":true,"href":"https:\/\/cadas.ch\/index.php?rest_route=\/wp\/v2\/users\/2"}],"replies":[{"embeddable":true,"href":"https:\/\/cadas.ch\/index.php?rest_route=%2Fwp%2Fv2%2Fcomments&post=1303"}],"version-history":[{"count":56,"href":"https:\/\/cadas.ch\/index.php?rest_route=\/wp\/v2\/pages\/1303\/revisions"}],"predecessor-version":[{"id":1636,"href":"https:\/\/cadas.ch\/index.php?rest_route=\/wp\/v2\/pages\/1303\/revisions\/1636"}],"wp:attachment":[{"href":"https:\/\/cadas.ch\/index.php?rest_route=%2Fwp%2Fv2%2Fmedia&parent=1303"}],"curies":[{"name":"wp","href":"https:\/\/api.w.org\/{rel}","templated":true}]}}