{"id":1622,"date":"2022-01-29T14:51:08","date_gmt":"2022-01-29T14:51:08","guid":{"rendered":"https:\/\/cadas.ch\/?page_id=1622"},"modified":"2022-01-29T16:39:34","modified_gmt":"2022-01-29T16:39:34","slug":"1622-2","status":"publish","type":"page","link":"https:\/\/cadas.ch\/?page_id=1622","title":{"rendered":""},"content":{"rendered":"\n<h2 class=\"wp-block-heading\" id=\"alarmanlagen\">Alarmanlagen<\/h2>\n\n\n\n<p>Unser Angebot umfasst die Beratung, Planung, Verkauf und Installation von Alarmanlagen. Dabei haben wir uns auf die Produkte von unserem Partner <a href=\"https:\/\/ajax.systems\">Ajax Systems<\/a> spezialisiert.<\/p>\n\n\n\n<p>Als autorisierter Partner von <a href=\"https:\/\/ajax.systems\/de\/where-to-buy\/switzerland\/installers\/\">Ajax Systems<\/a> stehen wir Dir als kompetente und zuverl\u00e4ssige Experten zur Seite. <\/p>\n\n\n\n<p>Die Alarmanlagen bestehen aus verschiedenen Komponenten von <a href=\"https:\/\/ajax.systems\">Ajax Systems<\/a>: einer <strong>Zentrale<\/strong> zum sammeln und weiterleiten von Ereignissen der <strong>Sensoren<\/strong> und einer <strong>Smartphone-App<\/strong>.<\/p>\n\n\n\n<div class=\"wp-block-columns is-layout-flex wp-container-core-columns-is-layout-9d6595d7 wp-block-columns-is-layout-flex\">\n<div class=\"wp-block-column is-layout-flow wp-block-column-is-layout-flow\" style=\"flex-basis:50%\">\n<p class=\"has-text-align-right\">Die <strong>Zentrale<\/strong> gleicht dem Herz des ganzen Systems. Die Zentrale sammelt die Ereignisse, die durch die Sensoren gemeldet werden und leitet diese weiter, so dass zum Beispiel die Benachrichtigung in die Smartphone-App erfolgt. Die Zentrale muss daf\u00fcr an den Strom und mit dem Internet (LAN, W-LAN oder GSM) verbunden werden.<\/p>\n\n\n\n<p class=\"has-text-align-right\">Die <strong>Sensoren<\/strong> melden der Zentrale das Eintreten eines Ereignisses (z.B. T\u00fcr ge\u00f6ffnet, Bewegung oder Rauch erkannt). Dabei k\u00f6nnen die Sensoren bis zu hundert Meter von der Zentrale entfernt sein. Die Sensoren laufen mit Batterie und m\u00fcssen nicht an den Strom angeschlossen werden. Die Sensoren brauchen keinen Internetanschluss oder W-LAN, sondern benutzen die Ajax Funkprotokolle Jeweller und Wings.<\/p>\n\n\n\n<p class=\"has-text-align-right\">\u00dcber die <strong>Smartphone-App<\/strong> werden die von Dir definierten Kontakte \u00fcber die ausgel\u00f6sten Ereignisse informiert. Zudem k\u00f6nnen \u00fcber die App Einstellungen am System vorgenommen oder der Status der einzelnen Sensoren (z.B. Batteriezustand) eingesehen werden.<\/p>\n<\/div>\n\n\n\n<div class=\"wp-block-column is-vertically-aligned-center is-layout-flow wp-block-column-is-layout-flow\" style=\"flex-basis:50%\">\n<div class=\"wp-block-image\"><figure class=\"aligncenter size-large\"><img loading=\"lazy\" decoding=\"async\" width=\"1024\" height=\"636\" src=\"https:\/\/cadas.ch\/wp-content\/uploads\/2022\/01\/howitworks-gorizontal-Kopie-1024x636.jpg\" alt=\"\" class=\"wp-image-1642\" srcset=\"https:\/\/cadas.ch\/wp-content\/uploads\/2022\/01\/howitworks-gorizontal-Kopie-1024x636.jpg 1024w, https:\/\/cadas.ch\/wp-content\/uploads\/2022\/01\/howitworks-gorizontal-Kopie-300x186.jpg 300w, https:\/\/cadas.ch\/wp-content\/uploads\/2022\/01\/howitworks-gorizontal-Kopie-768x477.jpg 768w, https:\/\/cadas.ch\/wp-content\/uploads\/2022\/01\/howitworks-gorizontal-Kopie-1536x954.jpg 1536w, https:\/\/cadas.ch\/wp-content\/uploads\/2022\/01\/howitworks-gorizontal-Kopie-2048x1271.jpg 2048w\" sizes=\"auto, (max-width: 1024px) 100vw, 1024px\" \/><\/figure><\/div>\n<\/div>\n<\/div>\n\n\n\n<div style=\"height:40px\" aria-hidden=\"true\" class=\"wp-block-spacer\"><\/div>\n\n\n\n<p class=\"has-text-align-center has-large-font-size\"><a href=\"https:\/\/cadas.ch\/?page_id=1445\" data-type=\"page\" data-id=\"1445\">M\u00f6chtest Du mehr wissen?<\/a><\/p>\n\n\n\n<div style=\"height:40px\" aria-hidden=\"true\" class=\"wp-block-spacer\"><\/div>\n\n\n\n<h1 class=\"wp-block-heading\" id=\"vorteile-von-ajax-systems-alarmanlagen\">Vorteile von Ajax Systems Alarmanlagen<\/h1>\n\n\n\n<p>Ajax bringt viele Vorteile mit sich. Hier eine \u00dcbersicht der wichtigsten Vorteile.<\/p>\n\n\n<p><!-- \/wp:post-content --><\/p>\n<p><!-- \/wp:themeisle-blocks\/advanced-columns --><\/p>\n<p><!-- wp:columns --><\/p>\n<div class=\"wp-block-columns\"><!-- wp:column {\"verticalAlignment\":\"center\",\"width\":\"33.33%\"} --><p><\/p>\n<div class=\"wp-block-column is-vertically-aligned-center\" style=\"flex-basis: 33.33%;\"><!-- wp:image {\"align\":\"right\",\"id\":1333,\"sizeSlug\":\"large\",\"linkDestination\":\"none\"} --><p><\/p>\n<div class=\"wp-block-image\">\n<figure class=\"alignright size-large\"><img loading=\"lazy\" decoding=\"async\" width=\"120\" height=\"121\" class=\"wp-image-1333\" src=\"https:\/\/cadas.ch\/wp-content\/uploads\/2021\/01\/Flexibel@0.75x.png\" alt=\"\"><\/figure>\n<\/div>\n<p><!-- \/wp:image --><\/p>\n<\/div>\n<p><!-- \/wp:column --><\/p>\n<p><!-- wp:column {\"verticalAlignment\":\"center\",\"width\":\"66.66%\"} --><\/p>\n<div class=\"wp-block-column is-vertically-aligned-center\" style=\"flex-basis: 66.66%;\"><!-- wp:heading {\"level\":3} --><p><\/p>\n<h3>Flexibel<\/h3>\n<p><!-- \/wp:heading --><\/p>\n<p><!-- wp:paragraph --><\/p>\n<p>Ajax ist durch den modularen Aufbau sehr flexibel. Es k\u00f6nnen zu jeder Zeit neue Sensoren im System aufgenommen oder wieder entfernt werden. So ist zum Beispiel eine schrittweise Erweiterung bei sich \u00e4ndernden Anforderungen ganz einfach m\u00f6glich.<\/p>\n<p><!-- \/wp:paragraph --><\/p>\n<\/div>\n<p><!-- \/wp:column --><\/p>\n<\/div>\n<p><!-- \/wp:columns --><\/p>\n<p><!-- wp:columns --><\/p>\n<div class=\"wp-block-columns\"><!-- wp:column {\"verticalAlignment\":\"center\",\"width\":\"33.33%\"} --><p><\/p>\n<div class=\"wp-block-column is-vertically-aligned-center\" style=\"flex-basis: 33.33%;\"><!-- wp:image {\"align\":\"right\",\"id\":1340,\"sizeSlug\":\"large\",\"linkDestination\":\"none\"} --><p><\/p>\n<div class=\"wp-block-image\">\n<figure class=\"alignright size-large\"><img loading=\"lazy\" decoding=\"async\" width=\"120\" height=\"121\" class=\"wp-image-1340\" src=\"https:\/\/cadas.ch\/wp-content\/uploads\/2021\/01\/Individuell@0.75x.png\" alt=\"\"><\/figure>\n<\/div>\n<p><!-- \/wp:image --><\/p>\n<\/div>\n<p><!-- \/wp:column --><\/p>\n<p><!-- wp:column {\"verticalAlignment\":\"center\",\"width\":\"66.66%\"} --><\/p>\n<div class=\"wp-block-column is-vertically-aligned-center\" style=\"flex-basis: 66.66%;\"><!-- wp:heading {\"level\":3} --><p><\/p>\n<h3 id=\"block-5045d3b3-b365-48c9-96f9-baf116d96d37\">Individuell<\/h3>\n<p><!-- \/wp:heading --><\/p>\n<p><!-- wp:paragraph --><\/p>\n<p>Du hast ein Haus oder eine Wohnung? Kein Problem. Ajax kann ganz nach Deinen individuellen Bed\u00fcrfnissen gestaltet werden. Gemeinsam k\u00f6nnen wir gerne Dein individuelles Packet f\u00fcr Deine Lebensumgebung zusammen stellen.<\/p>\n<p><!-- \/wp:paragraph --><\/p>\n<\/div>\n<p><!-- \/wp:column --><\/p>\n<\/div>\n<p><!-- \/wp:columns --><\/p>\n<p><!-- wp:columns --><\/p>\n<div class=\"wp-block-columns\"><!-- wp:column {\"verticalAlignment\":\"center\",\"width\":\"33.33%\"} --><p><\/p>\n<div class=\"wp-block-column is-vertically-aligned-center\" style=\"flex-basis: 33.33%;\"><!-- wp:image {\"align\":\"right\",\"id\":1342,\"sizeSlug\":\"large\",\"linkDestination\":\"none\"} --><p><\/p>\n<div class=\"wp-block-image\">\n<figure class=\"alignright size-large\"><img loading=\"lazy\" decoding=\"async\" width=\"120\" height=\"121\" class=\"wp-image-1342\" src=\"https:\/\/cadas.ch\/wp-content\/uploads\/2021\/01\/Einfache-Installation@0.75x.png\" alt=\"\"><\/figure>\n<\/div>\n<p><!-- \/wp:image --><\/p>\n<\/div>\n<p><!-- \/wp:column --><\/p>\n<p><!-- wp:column {\"verticalAlignment\":\"center\",\"width\":\"66.66%\"} --><\/p>\n<div class=\"wp-block-column is-vertically-aligned-center\" style=\"flex-basis: 66.66%;\"><!-- wp:heading {\"level\":3} --><p><\/p>\n<h3>Einfache Installation<\/h3>\n<p><!-- \/wp:heading --><\/p>\n<p><!-- wp:paragraph --><\/p>\n<p>Die Installation von Ajax Alarmanlagen ist einfach und wird vorkonfiguriert geliefert. Einfach die Zentrale an den Strom und Internet anschliessen. Die batteriebetriebenen Sensoren anbringen und schon bist Du bereit die Smartphone-App zu nutzen. Falls Du doch Hilfe beim Einrichten brauchst, stehen wir gerne unterst\u00fctzend zur Seite und \u00fcbernehmen die Installation und Inbetriebnahme f\u00fcr Dich.<\/p>\n<p><!-- \/wp:paragraph --><\/p>\n<\/div>\n<p><!-- \/wp:column --><\/p>\n<\/div>\n<p><!-- \/wp:columns --><\/p>\n<p><!-- wp:columns --><\/p>\n<div class=\"wp-block-columns\"><!-- wp:column {\"verticalAlignment\":\"center\",\"width\":\"33.33%\"} --><p><\/p>\n<div class=\"wp-block-column is-vertically-aligned-center\" style=\"flex-basis: 33.33%;\">\n<p><img loading=\"lazy\" decoding=\"async\" class=\"size-full wp-image-1426 alignright\" src=\"https:\/\/cadas.ch\/wp-content\/uploads\/2021\/01\/Umzugstauglich@0.75x-1.png\" alt=\"\" width=\"120\" height=\"121\"><\/p>\n<p><\/p>\n<p><!-- \/wp:image --><\/p>\n<\/div>\n<p><!-- \/wp:column --><\/p>\n<p><!-- wp:column {\"verticalAlignment\":\"center\",\"width\":\"66.66%\"} --><\/p>\n<div class=\"wp-block-column is-vertically-aligned-center\" style=\"flex-basis: 66.66%;\"><!-- wp:heading {\"level\":3} --><p><\/p>\n<h3>Umzugstauglich<\/h3>\n<p><!-- \/wp:heading --><\/p>\n<p><!-- wp:paragraph --><\/p>\n<p>Die einfache Installation erlaubt es, das System bei einem Umzug einfach wieder mitzunehmen. Da die Sensoren keine Verkabelung brauchen ist der Aufwand zu herk\u00f6mmlichen Alarmsystemen sehr gering. Dem Umzug steht also nichts im Weg. (Ausser vielleicht das Finden Deiner neuen Wohnung und das Schleppen von Kisten und M\u00f6beln\u2026)<\/p>\n<p><!-- \/wp:paragraph --><\/p>\n<\/div>\n<p><!-- \/wp:column --><\/p>\n<\/div>\n<p><!-- \/wp:columns --><\/p>\n<p><!-- wp:columns --><\/p>\n<div class=\"wp-block-columns\"><!-- wp:column {\"width\":\"33.33%\"} --><p><\/p>\n<div class=\"wp-block-column\" style=\"flex-basis: 33.33%;\"><!-- wp:image {\"align\":\"right\",\"id\":1347,\"sizeSlug\":\"large\",\"linkDestination\":\"none\"} --><p><\/p>\n<div class=\"wp-block-image\">\n<figure class=\"alignright size-large\"><img loading=\"lazy\" decoding=\"async\" width=\"120\" height=\"121\" class=\"wp-image-1347\" src=\"https:\/\/cadas.ch\/wp-content\/uploads\/2021\/01\/Guenstig@0.75x.png\" alt=\"\"><\/figure>\n<\/div>\n<p><!-- \/wp:image --><\/p>\n<\/div>\n<p><!-- \/wp:column --><\/p>\n<p><!-- wp:column {\"verticalAlignment\":\"center\",\"width\":\"66.66%\"} --><\/p>\n<div class=\"wp-block-column is-vertically-aligned-center\" style=\"flex-basis: 66.66%;\"><!-- wp:heading {\"level\":3} --><p><\/p>\n<h3>G\u00fcnstig<\/h3>\n<p><!-- \/wp:heading --><\/p>\n<p><!-- wp:paragraph --><\/p>\n<p>Auch sind wir im Vergleich zu alternativen Alarm- und Meldeanlagen g\u00fcnstig. Mit wenig Geld kann eine grosse Wirkung erzielt werden.<\/p>\n<p><!-- \/wp:paragraph --><\/p>\n<\/div>\n<p><!-- \/wp:column --><\/p>\n<\/div>\n<p><!-- \/wp:columns --><\/p>","protected":false},"excerpt":{"rendered":"<p>Alarmanlagen Unser Angebot umfasst die Beratung, Planung, Verkauf und Installation von Alarmanlagen. Dabei haben wir uns auf die Produkte von unserem Partner Ajax Systems spezialisiert. Als autorisierter Partner von Ajax Systems stehen wir Dir als kompetente und zuverl\u00e4ssige Experten zur Seite. Die Alarmanlagen bestehen aus verschiedenen Komponenten von Ajax Systems:&#8230;<\/p>\n","protected":false},"author":2,"featured_media":0,"parent":0,"menu_order":0,"comment_status":"closed","ping_status":"closed","template":"templates\/full-width-page.php","meta":{"footnotes":""},"class_list":["post-1622","page","type-page","status-publish","hentry"],"yoast_head":"<!-- This site is optimized with the Yoast SEO plugin v27.3 - https:\/\/yoast.com\/product\/yoast-seo-wordpress\/ -->\n<title>- CADAS<\/title>\n<meta name=\"robots\" content=\"index, follow, max-snippet:-1, max-image-preview:large, max-video-preview:-1\" \/>\n<link rel=\"canonical\" href=\"https:\/\/cadas.ch\/?page_id=1622\" \/>\n<meta property=\"og:locale\" content=\"de_DE\" \/>\n<meta property=\"og:type\" content=\"article\" \/>\n<meta property=\"og:title\" content=\"- CADAS\" \/>\n<meta property=\"og:description\" content=\"Alarmanlagen Unser Angebot umfasst die Beratung, Planung, Verkauf und Installation von Alarmanlagen. Dabei haben wir uns auf die Produkte von unserem Partner Ajax Systems spezialisiert. Als autorisierter Partner von Ajax Systems stehen wir Dir als kompetente und zuverl\u00e4ssige Experten zur Seite. Die Alarmanlagen bestehen aus verschiedenen Komponenten von Ajax Systems:...\" \/>\n<meta property=\"og:url\" content=\"https:\/\/cadas.ch\/?page_id=1622\" \/>\n<meta property=\"og:site_name\" content=\"CADAS\" \/>\n<meta property=\"article:modified_time\" content=\"2022-01-29T16:39:34+00:00\" \/>\n<meta property=\"og:image\" content=\"https:\/\/cadas.ch\/wp-content\/uploads\/2022\/01\/howitworks-gorizontal-Kopie-1024x636.jpg\" \/>\n<meta name=\"twitter:card\" content=\"summary_large_image\" \/>\n<meta name=\"twitter:label1\" content=\"Gesch\u00e4tzte Lesezeit\" \/>\n\t<meta name=\"twitter:data1\" content=\"4\u00a0Minuten\" \/>\n<script type=\"application\/ld+json\" class=\"yoast-schema-graph\">{\"@context\":\"https:\\\/\\\/schema.org\",\"@graph\":[{\"@type\":\"WebPage\",\"@id\":\"https:\\\/\\\/cadas.ch\\\/?page_id=1622\",\"url\":\"https:\\\/\\\/cadas.ch\\\/?page_id=1622\",\"name\":\"- CADAS\",\"isPartOf\":{\"@id\":\"https:\\\/\\\/cadas.ch\\\/#website\"},\"primaryImageOfPage\":{\"@id\":\"https:\\\/\\\/cadas.ch\\\/?page_id=1622#primaryimage\"},\"image\":{\"@id\":\"https:\\\/\\\/cadas.ch\\\/?page_id=1622#primaryimage\"},\"thumbnailUrl\":\"https:\\\/\\\/cadas.ch\\\/wp-content\\\/uploads\\\/2022\\\/01\\\/howitworks-gorizontal-Kopie-1024x636.jpg\",\"datePublished\":\"2022-01-29T14:51:08+00:00\",\"dateModified\":\"2022-01-29T16:39:34+00:00\",\"inLanguage\":\"de-CH\",\"potentialAction\":[{\"@type\":\"ReadAction\",\"target\":[\"https:\\\/\\\/cadas.ch\\\/?page_id=1622\"]}]},{\"@type\":\"ImageObject\",\"inLanguage\":\"de-CH\",\"@id\":\"https:\\\/\\\/cadas.ch\\\/?page_id=1622#primaryimage\",\"url\":\"https:\\\/\\\/cadas.ch\\\/wp-content\\\/uploads\\\/2022\\\/01\\\/howitworks-gorizontal-Kopie-scaled.jpg\",\"contentUrl\":\"https:\\\/\\\/cadas.ch\\\/wp-content\\\/uploads\\\/2022\\\/01\\\/howitworks-gorizontal-Kopie-scaled.jpg\",\"width\":2560,\"height\":1589},{\"@type\":\"WebSite\",\"@id\":\"https:\\\/\\\/cadas.ch\\\/#website\",\"url\":\"https:\\\/\\\/cadas.ch\\\/\",\"name\":\"CADAS\",\"description\":\"\",\"publisher\":{\"@id\":\"https:\\\/\\\/cadas.ch\\\/#organization\"},\"potentialAction\":[{\"@type\":\"SearchAction\",\"target\":{\"@type\":\"EntryPoint\",\"urlTemplate\":\"https:\\\/\\\/cadas.ch\\\/?s={search_term_string}\"},\"query-input\":{\"@type\":\"PropertyValueSpecification\",\"valueRequired\":true,\"valueName\":\"search_term_string\"}}],\"inLanguage\":\"de-CH\"},{\"@type\":\"Organization\",\"@id\":\"https:\\\/\\\/cadas.ch\\\/#organization\",\"name\":\"CADAS GmbH\",\"url\":\"https:\\\/\\\/cadas.ch\\\/\",\"logo\":{\"@type\":\"ImageObject\",\"inLanguage\":\"de-CH\",\"@id\":\"https:\\\/\\\/cadas.ch\\\/#\\\/schema\\\/logo\\\/image\\\/\",\"url\":\"https:\\\/\\\/cadas.ch\\\/wp-content\\\/uploads\\\/2021\\\/04\\\/Logo-mit-Untertitel.jpg\",\"contentUrl\":\"https:\\\/\\\/cadas.ch\\\/wp-content\\\/uploads\\\/2021\\\/04\\\/Logo-mit-Untertitel.jpg\",\"width\":575,\"height\":177,\"caption\":\"CADAS GmbH\"},\"image\":{\"@id\":\"https:\\\/\\\/cadas.ch\\\/#\\\/schema\\\/logo\\\/image\\\/\"}}]}<\/script>\n<!-- \/ Yoast SEO plugin. -->","yoast_head_json":{"title":"- CADAS","robots":{"index":"index","follow":"follow","max-snippet":"max-snippet:-1","max-image-preview":"max-image-preview:large","max-video-preview":"max-video-preview:-1"},"canonical":"https:\/\/cadas.ch\/?page_id=1622","og_locale":"de_DE","og_type":"article","og_title":"- CADAS","og_description":"Alarmanlagen Unser Angebot umfasst die Beratung, Planung, Verkauf und Installation von Alarmanlagen. Dabei haben wir uns auf die Produkte von unserem Partner Ajax Systems spezialisiert. Als autorisierter Partner von Ajax Systems stehen wir Dir als kompetente und zuverl\u00e4ssige Experten zur Seite. Die Alarmanlagen bestehen aus verschiedenen Komponenten von Ajax Systems:...","og_url":"https:\/\/cadas.ch\/?page_id=1622","og_site_name":"CADAS","article_modified_time":"2022-01-29T16:39:34+00:00","og_image":[{"url":"https:\/\/cadas.ch\/wp-content\/uploads\/2022\/01\/howitworks-gorizontal-Kopie-1024x636.jpg","type":"","width":"","height":""}],"twitter_card":"summary_large_image","twitter_misc":{"Gesch\u00e4tzte Lesezeit":"4\u00a0Minuten"},"schema":{"@context":"https:\/\/schema.org","@graph":[{"@type":"WebPage","@id":"https:\/\/cadas.ch\/?page_id=1622","url":"https:\/\/cadas.ch\/?page_id=1622","name":"- CADAS","isPartOf":{"@id":"https:\/\/cadas.ch\/#website"},"primaryImageOfPage":{"@id":"https:\/\/cadas.ch\/?page_id=1622#primaryimage"},"image":{"@id":"https:\/\/cadas.ch\/?page_id=1622#primaryimage"},"thumbnailUrl":"https:\/\/cadas.ch\/wp-content\/uploads\/2022\/01\/howitworks-gorizontal-Kopie-1024x636.jpg","datePublished":"2022-01-29T14:51:08+00:00","dateModified":"2022-01-29T16:39:34+00:00","inLanguage":"de-CH","potentialAction":[{"@type":"ReadAction","target":["https:\/\/cadas.ch\/?page_id=1622"]}]},{"@type":"ImageObject","inLanguage":"de-CH","@id":"https:\/\/cadas.ch\/?page_id=1622#primaryimage","url":"https:\/\/cadas.ch\/wp-content\/uploads\/2022\/01\/howitworks-gorizontal-Kopie-scaled.jpg","contentUrl":"https:\/\/cadas.ch\/wp-content\/uploads\/2022\/01\/howitworks-gorizontal-Kopie-scaled.jpg","width":2560,"height":1589},{"@type":"WebSite","@id":"https:\/\/cadas.ch\/#website","url":"https:\/\/cadas.ch\/","name":"CADAS","description":"","publisher":{"@id":"https:\/\/cadas.ch\/#organization"},"potentialAction":[{"@type":"SearchAction","target":{"@type":"EntryPoint","urlTemplate":"https:\/\/cadas.ch\/?s={search_term_string}"},"query-input":{"@type":"PropertyValueSpecification","valueRequired":true,"valueName":"search_term_string"}}],"inLanguage":"de-CH"},{"@type":"Organization","@id":"https:\/\/cadas.ch\/#organization","name":"CADAS GmbH","url":"https:\/\/cadas.ch\/","logo":{"@type":"ImageObject","inLanguage":"de-CH","@id":"https:\/\/cadas.ch\/#\/schema\/logo\/image\/","url":"https:\/\/cadas.ch\/wp-content\/uploads\/2021\/04\/Logo-mit-Untertitel.jpg","contentUrl":"https:\/\/cadas.ch\/wp-content\/uploads\/2021\/04\/Logo-mit-Untertitel.jpg","width":575,"height":177,"caption":"CADAS GmbH"},"image":{"@id":"https:\/\/cadas.ch\/#\/schema\/logo\/image\/"}}]}},"_links":{"self":[{"href":"https:\/\/cadas.ch\/index.php?rest_route=\/wp\/v2\/pages\/1622","targetHints":{"allow":["GET"]}}],"collection":[{"href":"https:\/\/cadas.ch\/index.php?rest_route=\/wp\/v2\/pages"}],"about":[{"href":"https:\/\/cadas.ch\/index.php?rest_route=\/wp\/v2\/types\/page"}],"author":[{"embeddable":true,"href":"https:\/\/cadas.ch\/index.php?rest_route=\/wp\/v2\/users\/2"}],"replies":[{"embeddable":true,"href":"https:\/\/cadas.ch\/index.php?rest_route=%2Fwp%2Fv2%2Fcomments&post=1622"}],"version-history":[{"count":12,"href":"https:\/\/cadas.ch\/index.php?rest_route=\/wp\/v2\/pages\/1622\/revisions"}],"predecessor-version":[{"id":1654,"href":"https:\/\/cadas.ch\/index.php?rest_route=\/wp\/v2\/pages\/1622\/revisions\/1654"}],"wp:attachment":[{"href":"https:\/\/cadas.ch\/index.php?rest_route=%2Fwp%2Fv2%2Fmedia&parent=1622"}],"curies":[{"name":"wp","href":"https:\/\/api.w.org\/{rel}","templated":true}]}}